{"id":2,"date":"2025-10-15T13:32:02","date_gmt":"2025-10-15T13:32:02","guid":{"rendered":"https:\/\/xn--klangkrper-jcb.ch\/?page_id=2"},"modified":"2025-11-28T14:56:27","modified_gmt":"2025-11-28T14:56:27","slug":"infos","status":"publish","type":"page","link":"https:\/\/xn--klangkrper-jcb.ch\/","title":{"rendered":"KLANGK\u00d6RPER"},"content":{"rendered":"\n<p class=\"has-text-align-left has-white-color has-text-color has-link-color wp-elements-1f893a0cdacc24f8852e356a6186166c\">Lassen sie die Teilnehmer ihrer Veranstaltung in eine <strong>Welt der Kl\u00e4nge<\/strong> eintauchen, in der Stimmen verschmelzen und <strong>spontane Gemeinschaften<\/strong> entstehen. <strong>KLANGK\u00d6RPER<\/strong> ist ein einzigartiges Erlebnis, das verbindet.<\/p>\n\n\n\n<p class=\"has-text-align-left has-white-color has-text-color has-link-color wp-elements-051d23633410e81acf1fd0db41f51ac2\">Inspiriert von Bobby McFerrin und Jacob Collier, lasse ich ihre G\u00e4ste gemeinsam Akkorde summen und so zu einen stimmungsvollen <strong>KLANGK\u00d6RPER<\/strong> verschmelzen.<\/p>\n\n\n\n<p class=\"has-text-align-left has-white-color has-text-color has-link-color wp-elements-b0352c568fe0ce21e3b34384563b1f64\">Es sind keine Vorkenntnisse erforderlich.<\/p>\n\n\n<div class=\"wp-block-image is-style-rounded\">\n<figure class=\"aligncenter size-medium\"><img loading=\"lazy\" decoding=\"async\" width=\"300\" height=\"300\" src=\"https:\/\/xn--klangkrper-jcb.ch\/wp-content\/uploads\/2025\/10\/PIM-300x300.jpg\" alt=\"Pim Nieuwlands, Musiker Komponist Produzent\" class=\"wp-image-160\" title=\"Pim Nieuwlands, Musiker Komponist Produzent\" srcset=\"https:\/\/xn--klangkrper-jcb.ch\/wp-content\/uploads\/2025\/10\/PIM-300x300.jpg 300w, https:\/\/xn--klangkrper-jcb.ch\/wp-content\/uploads\/2025\/10\/PIM-1024x1024.jpg 1024w, https:\/\/xn--klangkrper-jcb.ch\/wp-content\/uploads\/2025\/10\/PIM-150x150.jpg 150w, https:\/\/xn--klangkrper-jcb.ch\/wp-content\/uploads\/2025\/10\/PIM-768x768.jpg 768w, https:\/\/xn--klangkrper-jcb.ch\/wp-content\/uploads\/2025\/10\/PIM-666x666.jpg 666w, https:\/\/xn--klangkrper-jcb.ch\/wp-content\/uploads\/2025\/10\/PIM-96x96.jpg 96w, https:\/\/xn--klangkrper-jcb.ch\/wp-content\/uploads\/2025\/10\/PIM.jpg 1281w\" sizes=\"auto, (max-width: 300px) 100vw, 300px\" \/><figcaption class=\"wp-element-caption\">Pim Nieuwlands, Musiker, S\u00e4nger, Komponist &amp; Produzent<\/figcaption><\/figure>\n<\/div>\n\n\n<p class=\"has-text-align-left has-white-color has-text-color has-link-color wp-elements-e8aec5e4d23d4359bcd844c0ab366b3a\"><br>Ich begleite ihre G\u00e4ste durch die <strong>musikalische Auflockerung<\/strong> ihres Events. Je nach Wunsch und Budget als &#8222;Dirigent&#8220; <strong>ohne jegliche technische Infrastruktur<\/strong> (Vers. 1), oder als Leads\u00e4nger mit dazu notwendiger Anlage und E-Piano (Vers. 2).<\/p>\n\n\n\n<div class=\"wp-block-group\"><div class=\"wp-block-group__inner-container is-layout-constrained wp-block-group-is-layout-constrained\">\n<div class=\"wp-block-group\"><div class=\"wp-block-group__inner-container is-layout-constrained wp-block-group-is-layout-constrained\">\n<details class=\"wp-block-details is-layout-flow wp-block-details-is-layout-flow\"><summary>Infos zu meiner Person<\/summary>\n<p class=\"has-text-align-left\">Ich wurde 1961 in Amsterdam geboren und lebe seit meinem vierten Lebensjahr in der Schweiz. Nach sechs Jahren Berufserfahrung als diplomierter Architekt der ETH Z\u00fcrich, verliess ich 1994 die Architektur  und arbeite seither als selbst\u00e4ndiger, autodidaktischer Musiker, Komponist und Produzent.<\/p>\n\n\n\n<p>Als <a href=\"http:\/\/www.picturemusic.ch\" target=\"_blank\" rel=\"noopener\">PICTUREMUSIC<\/a> produziere ich Musik f\u00fcr Image- und Werbefilme, Jingles f\u00fcr TV- und Radiostationen, sowie Auftragssongs.<\/p>\n\n\n\n<p>Ich war Teil verschiedenster TV-Bands wie \u201eThe Voice of Switzerland\u201c oder \u201e100% Schweizer Musik\u201c, tourte mit der Vorband von Shakira und Lisa Stansfield durch Europa und spiele bei Schweizer Bands wie Nubya, Baschi, Bligg, Fabienne Louves, Gigi Moto und vielen mehr Keyboards.<\/p>\n\n\n\n<p>Bei meinem eigenen Studioprojekt <a href=\"http:\/\/www.pimnewland.ch\" target=\"_blank\" rel=\"noopener\">PIM NEWLAND<\/a>, welches auf allen g\u00e4ngigen Plattformen wie Spotify &amp; Co vertreten ist, schreibe, performe und produziere ich zudem alle Songs selber.<\/p>\n<\/details>\n<\/div><\/div>\n<\/div><\/div>\n\n\n\n<h3 class=\"wp-block-heading has-text-align-center\">Simulationen Vers. 1<\/h3>\n\n\n\n<figure class=\"wp-block-audio\"><audio controls src=\"https:\/\/xn--klangkrper-jcb.ch\/wp-content\/uploads\/2025\/11\/KLANGKOeRPER-4.mp3\"><\/audio><figcaption class=\"wp-element-caption\">P.Nieuwlands als Dirigent<\/figcaption><\/figure>\n\n\n\n<figure class=\"wp-block-audio\"><audio controls src=\"https:\/\/xn--klangkrper-jcb.ch\/wp-content\/uploads\/2025\/11\/KLANGKOeRPER-2.mp3\"><\/audio><figcaption class=\"wp-element-caption\">P.Nieuwlands als Dirigent<\/figcaption><\/figure>\n\n\n\n<h3 class=\"wp-block-heading has-text-align-center\">Simulationen Vers. 2<\/h3>\n\n\n\n<figure class=\"wp-block-audio\"><audio controls src=\"https:\/\/xn--klangkrper-jcb.ch\/wp-content\/uploads\/2025\/11\/KLANGKOeRPER-easy-like.mp3\"><\/audio><figcaption class=\"wp-element-caption\">P.Nieuwlands als Pianist &amp; Leads\u00e4nger<\/figcaption><\/figure>\n\n\n<div class=\"wp-block-image\">\n<figure class=\"aligncenter size-full\"><img loading=\"lazy\" decoding=\"async\" width=\"480\" height=\"270\" src=\"https:\/\/xn--klangkrper-jcb.ch\/wp-content\/uploads\/2025\/10\/657857332480a11898e8759599f591bf.gif\" alt=\"\" class=\"wp-image-171\"\/><\/figure>\n<\/div>\n\n\n<p class=\"has-text-align-left has-white-color has-text-color has-link-color wp-elements-7659d8db68080daaa218fc6d2d46cee8\">Falls sie eine Veranstaltung mit <strong>mindestens 100 Teilnehmern<\/strong> planen und ihre G\u00e4ste zur Auflockerung f\u00fcr kurze Zeit in einen <strong>KLANGK\u00d6RPER <\/strong>verwandeln m\u00f6chten, mache ich ihnen gerne eine <strong>unverbindliche Offerte<\/strong> f\u00fcr einen, oder mehrere Showbl\u00f6cke in gew\u00fcnschten L\u00e4ngen.<\/p>\n\n\n\n<div class=\"wp-block-buttons is-content-justification-center is-layout-flex wp-container-core-buttons-is-layout-16018d1d wp-block-buttons-is-layout-flex\">\n<div class=\"wp-block-button\"><a class=\"wp-block-button__link wp-element-button\" href=\"mailto:new@picturemusic.ch\">KONTAKT<\/a><\/div>\n<\/div>\n\n\n\n<p><\/p>\n","protected":false},"excerpt":{"rendered":"<p>Lassen sie die Teilnehmer ihrer Veranstaltung in eine Welt der Kl\u00e4nge eintauchen, in der Stimmen verschmelzen und spontane Gemeinschaften entstehen.<\/p>\n<p><span class=\"more-link\"><a href=\"https:\/\/xn--klangkrper-jcb.ch\/\" class=\"readmore\">Continue reading<span class=\"screen-reader-text\">KLANGK\u00d6RPER<\/span><\/a><\/span><\/p>\n","protected":false},"author":1,"featured_media":0,"parent":0,"menu_order":0,"comment_status":"closed","ping_status":"closed","template":"","meta":{"tpgb_global_settings":"","footnotes":""},"class_list":["post-2","page","type-page","status-publish","hentry"],"yoast_head":"<!-- This site is optimized with the Yoast SEO plugin v26.1.1 - https:\/\/yoast.com\/wordpress\/plugins\/seo\/ -->\n<title>KLANGK\u00d6RPER<\/title>\n<meta name=\"description\" content=\"KLANGK\u00d6RPER - Das musikalische Temabilding Erlebnis. Lassen sie die Teilnehmer ihrer Veranstaltung in eine Welt der Kl\u00e4nge eintauchen, in der Stimmen verschmelzen und spontane Gemeinschaft mittels gesungener Harmonien entsteht. KLANGK\u00d6RPER ist mehr als ein Event \u2013 es ist ein einzigartiges Erlebnis, das verbindet.\" \/>\n<meta name=\"robots\" content=\"index, follow, max-snippet:-1, max-image-preview:large, max-video-preview:-1\" \/>\n<link rel=\"canonical\" href=\"https:\/\/xn--klangkrper-jcb.ch\/\" \/>\n<meta property=\"og:locale\" content=\"de_DE\" \/>\n<meta property=\"og:type\" content=\"article\" \/>\n<meta property=\"og:title\" content=\"KLANGK\u00d6RPER\" \/>\n<meta property=\"og:description\" content=\"KLANGK\u00d6RPER - Das musikalische Temabilding Erlebnis. Lassen sie die Teilnehmer ihrer Veranstaltung in eine Welt der Kl\u00e4nge eintauchen, in der Stimmen verschmelzen und spontane Gemeinschaft mittels gesungener Harmonien entsteht. KLANGK\u00d6RPER ist mehr als ein Event \u2013 es ist ein einzigartiges Erlebnis, das verbindet.\" \/>\n<meta property=\"og:url\" content=\"https:\/\/xn--klangkrper-jcb.ch\/\" \/>\n<meta property=\"og:site_name\" content=\"KLANGK\u00d6RPER\" \/>\n<meta property=\"article:modified_time\" content=\"2025-11-28T14:56:27+00:00\" \/>\n<meta property=\"og:image\" content=\"https:\/\/xn--klangkrper-jcb.ch\/wp-content\/uploads\/2025\/10\/PIM.jpg\" \/>\n\t<meta property=\"og:image:width\" content=\"1281\" \/>\n\t<meta property=\"og:image:height\" content=\"1281\" \/>\n\t<meta property=\"og:image:type\" content=\"image\/jpeg\" \/>\n<meta name=\"twitter:card\" content=\"summary_large_image\" \/>\n<meta name=\"twitter:label1\" content=\"Gesch\u00e4tzte Lesezeit\" \/>\n\t<meta name=\"twitter:data1\" content=\"2\u00a0Minuten\" \/>\n<script type=\"application\/ld+json\" class=\"yoast-schema-graph\">{\"@context\":\"https:\/\/schema.org\",\"@graph\":[{\"@type\":\"WebPage\",\"@id\":\"https:\/\/xn--klangkrper-jcb.ch\/\",\"url\":\"https:\/\/xn--klangkrper-jcb.ch\/\",\"name\":\"KLANGK\u00d6RPER\",\"isPartOf\":{\"@id\":\"https:\/\/xn--klangkrper-jcb.ch\/#website\"},\"primaryImageOfPage\":{\"@id\":\"https:\/\/xn--klangkrper-jcb.ch\/#primaryimage\"},\"image\":{\"@id\":\"https:\/\/xn--klangkrper-jcb.ch\/#primaryimage\"},\"thumbnailUrl\":\"https:\/\/xn--klangkrper-jcb.ch\/wp-content\/uploads\/2025\/10\/PIM-300x300.jpg\",\"datePublished\":\"2025-10-15T13:32:02+00:00\",\"dateModified\":\"2025-11-28T14:56:27+00:00\",\"description\":\"KLANGK\u00d6RPER - Das musikalische Temabilding Erlebnis. Lassen sie die Teilnehmer ihrer Veranstaltung in eine Welt der Kl\u00e4nge eintauchen, in der Stimmen verschmelzen und spontane Gemeinschaft mittels gesungener Harmonien entsteht. KLANGK\u00d6RPER ist mehr als ein Event \u2013 es ist ein einzigartiges Erlebnis, das verbindet.\",\"breadcrumb\":{\"@id\":\"https:\/\/xn--klangkrper-jcb.ch\/#breadcrumb\"},\"inLanguage\":\"de\",\"potentialAction\":[{\"@type\":\"ReadAction\",\"target\":[\"https:\/\/xn--klangkrper-jcb.ch\/\"]}]},{\"@type\":\"ImageObject\",\"inLanguage\":\"de\",\"@id\":\"https:\/\/xn--klangkrper-jcb.ch\/#primaryimage\",\"url\":\"https:\/\/xn--klangkrper-jcb.ch\/wp-content\/uploads\/2025\/10\/PIM.jpg\",\"contentUrl\":\"https:\/\/xn--klangkrper-jcb.ch\/wp-content\/uploads\/2025\/10\/PIM.jpg\",\"width\":1281,\"height\":1281},{\"@type\":\"BreadcrumbList\",\"@id\":\"https:\/\/xn--klangkrper-jcb.ch\/#breadcrumb\",\"itemListElement\":[{\"@type\":\"ListItem\",\"position\":1,\"name\":\"Startseite\",\"item\":\"https:\/\/xn--klangkrper-jcb.ch\/\"},{\"@type\":\"ListItem\",\"position\":2,\"name\":\"KLANGK\u00d6RPER\"}]},{\"@type\":\"WebSite\",\"@id\":\"https:\/\/xn--klangkrper-jcb.ch\/#website\",\"url\":\"https:\/\/xn--klangkrper-jcb.ch\/\",\"name\":\"KLANGK\u00d6RPER\",\"description\":\"Akustisches Teambuilding\",\"publisher\":{\"@id\":\"https:\/\/xn--klangkrper-jcb.ch\/#organization\"},\"potentialAction\":[{\"@type\":\"SearchAction\",\"target\":{\"@type\":\"EntryPoint\",\"urlTemplate\":\"https:\/\/xn--klangkrper-jcb.ch\/?s={search_term_string}\"},\"query-input\":{\"@type\":\"PropertyValueSpecification\",\"valueRequired\":true,\"valueName\":\"search_term_string\"}}],\"inLanguage\":\"de\"},{\"@type\":\"Organization\",\"@id\":\"https:\/\/xn--klangkrper-jcb.ch\/#organization\",\"name\":\"KLANGK\u00d6RPER\",\"url\":\"https:\/\/xn--klangkrper-jcb.ch\/\",\"logo\":{\"@type\":\"ImageObject\",\"inLanguage\":\"de\",\"@id\":\"https:\/\/xn--klangkrper-jcb.ch\/#\/schema\/logo\/image\/\",\"url\":\"https:\/\/xn--klangkrper-jcb.ch\/wp-content\/uploads\/2025\/10\/Blue-Sound-Icon-Music-Logo.jpg\",\"contentUrl\":\"https:\/\/xn--klangkrper-jcb.ch\/wp-content\/uploads\/2025\/10\/Blue-Sound-Icon-Music-Logo.jpg\",\"width\":500,\"height\":500,\"caption\":\"KLANGK\u00d6RPER\"},\"image\":{\"@id\":\"https:\/\/xn--klangkrper-jcb.ch\/#\/schema\/logo\/image\/\"}}]}<\/script>\n<!-- \/ Yoast SEO plugin. -->","yoast_head_json":{"title":"KLANGK\u00d6RPER","description":"KLANGK\u00d6RPER - Das musikalische Temabilding Erlebnis. Lassen sie die Teilnehmer ihrer Veranstaltung in eine Welt der Kl\u00e4nge eintauchen, in der Stimmen verschmelzen und spontane Gemeinschaft mittels gesungener Harmonien entsteht. KLANGK\u00d6RPER ist mehr als ein Event \u2013 es ist ein einzigartiges Erlebnis, das verbindet.","robots":{"index":"index","follow":"follow","max-snippet":"max-snippet:-1","max-image-preview":"max-image-preview:large","max-video-preview":"max-video-preview:-1"},"canonical":"https:\/\/xn--klangkrper-jcb.ch\/","og_locale":"de_DE","og_type":"article","og_title":"KLANGK\u00d6RPER","og_description":"KLANGK\u00d6RPER - Das musikalische Temabilding Erlebnis. Lassen sie die Teilnehmer ihrer Veranstaltung in eine Welt der Kl\u00e4nge eintauchen, in der Stimmen verschmelzen und spontane Gemeinschaft mittels gesungener Harmonien entsteht. KLANGK\u00d6RPER ist mehr als ein Event \u2013 es ist ein einzigartiges Erlebnis, das verbindet.","og_url":"https:\/\/xn--klangkrper-jcb.ch\/","og_site_name":"KLANGK\u00d6RPER","article_modified_time":"2025-11-28T14:56:27+00:00","og_image":[{"width":1281,"height":1281,"url":"https:\/\/xn--klangkrper-jcb.ch\/wp-content\/uploads\/2025\/10\/PIM.jpg","type":"image\/jpeg"}],"twitter_card":"summary_large_image","twitter_misc":{"Gesch\u00e4tzte Lesezeit":"2\u00a0Minuten"},"schema":{"@context":"https:\/\/schema.org","@graph":[{"@type":"WebPage","@id":"https:\/\/xn--klangkrper-jcb.ch\/","url":"https:\/\/xn--klangkrper-jcb.ch\/","name":"KLANGK\u00d6RPER","isPartOf":{"@id":"https:\/\/xn--klangkrper-jcb.ch\/#website"},"primaryImageOfPage":{"@id":"https:\/\/xn--klangkrper-jcb.ch\/#primaryimage"},"image":{"@id":"https:\/\/xn--klangkrper-jcb.ch\/#primaryimage"},"thumbnailUrl":"https:\/\/xn--klangkrper-jcb.ch\/wp-content\/uploads\/2025\/10\/PIM-300x300.jpg","datePublished":"2025-10-15T13:32:02+00:00","dateModified":"2025-11-28T14:56:27+00:00","description":"KLANGK\u00d6RPER - Das musikalische Temabilding Erlebnis. Lassen sie die Teilnehmer ihrer Veranstaltung in eine Welt der Kl\u00e4nge eintauchen, in der Stimmen verschmelzen und spontane Gemeinschaft mittels gesungener Harmonien entsteht. KLANGK\u00d6RPER ist mehr als ein Event \u2013 es ist ein einzigartiges Erlebnis, das verbindet.","breadcrumb":{"@id":"https:\/\/xn--klangkrper-jcb.ch\/#breadcrumb"},"inLanguage":"de","potentialAction":[{"@type":"ReadAction","target":["https:\/\/xn--klangkrper-jcb.ch\/"]}]},{"@type":"ImageObject","inLanguage":"de","@id":"https:\/\/xn--klangkrper-jcb.ch\/#primaryimage","url":"https:\/\/xn--klangkrper-jcb.ch\/wp-content\/uploads\/2025\/10\/PIM.jpg","contentUrl":"https:\/\/xn--klangkrper-jcb.ch\/wp-content\/uploads\/2025\/10\/PIM.jpg","width":1281,"height":1281},{"@type":"BreadcrumbList","@id":"https:\/\/xn--klangkrper-jcb.ch\/#breadcrumb","itemListElement":[{"@type":"ListItem","position":1,"name":"Startseite","item":"https:\/\/xn--klangkrper-jcb.ch\/"},{"@type":"ListItem","position":2,"name":"KLANGK\u00d6RPER"}]},{"@type":"WebSite","@id":"https:\/\/xn--klangkrper-jcb.ch\/#website","url":"https:\/\/xn--klangkrper-jcb.ch\/","name":"KLANGK\u00d6RPER","description":"Akustisches Teambuilding","publisher":{"@id":"https:\/\/xn--klangkrper-jcb.ch\/#organization"},"potentialAction":[{"@type":"SearchAction","target":{"@type":"EntryPoint","urlTemplate":"https:\/\/xn--klangkrper-jcb.ch\/?s={search_term_string}"},"query-input":{"@type":"PropertyValueSpecification","valueRequired":true,"valueName":"search_term_string"}}],"inLanguage":"de"},{"@type":"Organization","@id":"https:\/\/xn--klangkrper-jcb.ch\/#organization","name":"KLANGK\u00d6RPER","url":"https:\/\/xn--klangkrper-jcb.ch\/","logo":{"@type":"ImageObject","inLanguage":"de","@id":"https:\/\/xn--klangkrper-jcb.ch\/#\/schema\/logo\/image\/","url":"https:\/\/xn--klangkrper-jcb.ch\/wp-content\/uploads\/2025\/10\/Blue-Sound-Icon-Music-Logo.jpg","contentUrl":"https:\/\/xn--klangkrper-jcb.ch\/wp-content\/uploads\/2025\/10\/Blue-Sound-Icon-Music-Logo.jpg","width":500,"height":500,"caption":"KLANGK\u00d6RPER"},"image":{"@id":"https:\/\/xn--klangkrper-jcb.ch\/#\/schema\/logo\/image\/"}}]}},"tpgb_featured_images":null,"tpgb_post_meta_info":{"get_date":"Oktober 15, 2025","get_modified_date":"November 28, 2025","author_name":"admin","author_url":"https:\/\/xn--klangkrper-jcb.ch\/author\/info_gzivzi0a","author_email":"info@pimnewland.ch","author_website":"https:\/\/xn--klangkrper-jcb.ch","author_description":"","author_facebook":"","author_twitter":"","author_instagram":"","author_role":["administrator"],"author_firstname":"","author_lastname":"","user_login":"info_gzivzi0a","author_avatar":"<img alt='' src='https:\/\/secure.gravatar.com\/avatar\/c2ad42d77096595c1088a3bd73d979d75a5c1bcc0b0c00df68d11930f675b896?s=200&#038;d=mm&#038;r=g' srcset='https:\/\/secure.gravatar.com\/avatar\/c2ad42d77096595c1088a3bd73d979d75a5c1bcc0b0c00df68d11930f675b896?s=400&#038;d=mm&#038;r=g 2x' class='avatar avatar-200 photo' height='200' width='200' loading='lazy' decoding='async'\/>","author_avatar_url":"https:\/\/secure.gravatar.com\/avatar\/c2ad42d77096595c1088a3bd73d979d75a5c1bcc0b0c00df68d11930f675b896?s=96&d=mm&r=g","comment_count":0,"post_likes":0,"post_views":0},"tpgb_post_category":[],"_links":{"self":[{"href":"https:\/\/xn--klangkrper-jcb.ch\/index.php?rest_route=\/wp\/v2\/pages\/2","targetHints":{"allow":["GET"]}}],"collection":[{"href":"https:\/\/xn--klangkrper-jcb.ch\/index.php?rest_route=\/wp\/v2\/pages"}],"about":[{"href":"https:\/\/xn--klangkrper-jcb.ch\/index.php?rest_route=\/wp\/v2\/types\/page"}],"author":[{"embeddable":true,"href":"https:\/\/xn--klangkrper-jcb.ch\/index.php?rest_route=\/wp\/v2\/users\/1"}],"replies":[{"embeddable":true,"href":"https:\/\/xn--klangkrper-jcb.ch\/index.php?rest_route=%2Fwp%2Fv2%2Fcomments&post=2"}],"version-history":[{"count":141,"href":"https:\/\/xn--klangkrper-jcb.ch\/index.php?rest_route=\/wp\/v2\/pages\/2\/revisions"}],"predecessor-version":[{"id":355,"href":"https:\/\/xn--klangkrper-jcb.ch\/index.php?rest_route=\/wp\/v2\/pages\/2\/revisions\/355"}],"wp:attachment":[{"href":"https:\/\/xn--klangkrper-jcb.ch\/index.php?rest_route=%2Fwp%2Fv2%2Fmedia&parent=2"}],"curies":[{"name":"wp","href":"https:\/\/api.w.org\/{rel}","templated":true}]}}